{"id":6602,"date":"2022-10-06T23:18:31","date_gmt":"2022-10-06T23:18:31","guid":{"rendered":"https:\/\/dhermez.com\/dhermez2025\/?post_type=product&#038;p=6602"},"modified":"2022-10-07T22:33:43","modified_gmt":"2022-10-07T22:33:43","slug":"cruceta-mod-tip","status":"publish","type":"product","link":"https:\/\/dhermez.com\/dhermez2025\/producto\/cruceta-mod-tip\/","title":{"rendered":"Cruceta Mod. Tip"},"content":{"rendered":"","protected":false},"excerpt":{"rendered":"<p><strong>MOBILIARIO EN MELAMINA<br \/>\n<\/strong>Las medidas pueden variar de acuerdo a su necesidad.<br \/>\n<strong>Medidas:\u00a0<\/strong>240x240x75cm<br \/>\n<strong>Colores:\u00a0<\/strong>a elegir<br \/>\n<strong>Material:\u00a0<\/strong>melamina<br \/>\n<strong>Descripci\u00f3n:\u00a0<\/strong>Cruceta para4 usuarios, elaborado en panelar melam\u00ednico de 28mm de espesor, consta de pedestal con 2 cajones papeleros y un caj\u00f3n archivero cada una, con chapa y mamp\u00e1ra de policarbonato o melam\u00ednico de 16mm.<\/p>\n","protected":false},"featured_media":6603,"template":"","meta":{"site-sidebar-layout":"default","site-content-layout":"default","ast-site-content-layout":"","site-content-style":"default","site-sidebar-style":"default","ast-global-header-display":"","ast-banner-title-visibility":"","ast-main-header-display":"","ast-hfb-above-header-display":"","ast-hfb-below-header-display":"","ast-hfb-mobile-header-display":"","site-post-title":"","ast-breadcrumbs-content":"","ast-featured-img":"","footer-sml-layout":"","theme-transparent-header-meta":"default","adv-header-id-meta":"","stick-header-meta":"","header-above-stick-meta":"","header-main-stick-meta":"","header-below-stick-meta":"","astra-migrate-meta-layouts":"","_joinchat":[]},"product_brand":[],"product_cat":[59],"product_tag":[],"class_list":{"0":"post-6602","1":"product","2":"type-product","3":"status-publish","4":"has-post-thumbnail","6":"product_cat-crucetas-y-mamparas","7":"desktop-align-left","8":"tablet-align-left","9":"mobile-align-left","11":"first","12":"instock","13":"shipping-taxable","14":"product-type-simple"},"_links":{"self":[{"href":"https:\/\/dhermez.com\/dhermez2025\/wp-json\/wp\/v2\/product\/6602","targetHints":{"allow":["GET"]}}],"collection":[{"href":"https:\/\/dhermez.com\/dhermez2025\/wp-json\/wp\/v2\/product"}],"about":[{"href":"https:\/\/dhermez.com\/dhermez2025\/wp-json\/wp\/v2\/types\/product"}],"wp:featuredmedia":[{"embeddable":true,"href":"https:\/\/dhermez.com\/dhermez2025\/wp-json\/wp\/v2\/media\/6603"}],"wp:attachment":[{"href":"https:\/\/dhermez.com\/dhermez2025\/wp-json\/wp\/v2\/media?parent=6602"}],"wp:term":[{"taxonomy":"product_brand","embeddable":true,"href":"https:\/\/dhermez.com\/dhermez2025\/wp-json\/wp\/v2\/product_brand?post=6602"},{"taxonomy":"product_cat","embeddable":true,"href":"https:\/\/dhermez.com\/dhermez2025\/wp-json\/wp\/v2\/product_cat?post=6602"},{"taxonomy":"product_tag","embeddable":true,"href":"https:\/\/dhermez.com\/dhermez2025\/wp-json\/wp\/v2\/product_tag?post=6602"}],"curies":[{"name":"wp","href":"https:\/\/api.w.org\/{rel}","templated":true}]}}