{"id":6594,"date":"2022-10-06T23:08:52","date_gmt":"2022-10-06T23:08:52","guid":{"rendered":"https:\/\/dhermez.com\/dhermez2025\/?post_type=product&#038;p=6594"},"modified":"2022-10-07T22:35:17","modified_gmt":"2022-10-07T22:35:17","slug":"silla-mod-dolphin-2","status":"publish","type":"product","link":"https:\/\/dhermez.com\/dhermez2025\/producto\/silla-mod-dolphin-2\/","title":{"rendered":"Silla Mod. Dolphin"},"content":{"rendered":"","protected":false},"excerpt":{"rendered":"<p><strong>Estructura: <\/strong>Tipo trineo de acero tubular de 1&#8243; de di\u00e1metro, calibre 14; con acabado en pintura ep\u00f3xica (electrost\u00e1tica) color gris o negro.<br \/>\n<strong>Brazos: <\/strong>Abatibles de polipropileno semi-r\u00edgido con pad de poliuretano.<br \/>\n<strong>Respaldo: <\/strong>En malla de dise\u00f1o ergon\u00f3mico.<br \/>\n<strong>Asiento: <\/strong>Hule espuma laminado flexible con densidad de 30 kgs\/m\u00b3 y alta resilencia.<br \/>\n<strong>Tapiz: <\/strong>Respaldo de malla de color gris o negro y asiento tapizado al color de su elecci\u00f3n de toda nuestra colecci\u00f3n de tapices.<br \/>\n<strong>Peso m\u00e1ximo de resistencia: <\/strong>90 kgs.<\/p>\n","protected":false},"featured_media":6595,"template":"","meta":{"site-sidebar-layout":"default","site-content-layout":"default","ast-site-content-layout":"","site-content-style":"default","site-sidebar-style":"default","ast-global-header-display":"","ast-banner-title-visibility":"","ast-main-header-display":"","ast-hfb-above-header-display":"","ast-hfb-below-header-display":"","ast-hfb-mobile-header-display":"","site-post-title":"","ast-breadcrumbs-content":"","ast-featured-img":"","footer-sml-layout":"","theme-transparent-header-meta":"default","adv-header-id-meta":"","stick-header-meta":"","header-above-stick-meta":"","header-main-stick-meta":"","header-below-stick-meta":"","astra-migrate-meta-layouts":"","_joinchat":[]},"product_brand":[],"product_cat":[39],"product_tag":[],"class_list":{"0":"post-6594","1":"product","2":"type-product","3":"status-publish","4":"has-post-thumbnail","6":"product_cat-sillas-de-visita","7":"desktop-align-left","8":"tablet-align-left","9":"mobile-align-left","11":"first","12":"instock","13":"shipping-taxable","14":"product-type-simple"},"_links":{"self":[{"href":"https:\/\/dhermez.com\/dhermez2025\/wp-json\/wp\/v2\/product\/6594","targetHints":{"allow":["GET"]}}],"collection":[{"href":"https:\/\/dhermez.com\/dhermez2025\/wp-json\/wp\/v2\/product"}],"about":[{"href":"https:\/\/dhermez.com\/dhermez2025\/wp-json\/wp\/v2\/types\/product"}],"wp:featuredmedia":[{"embeddable":true,"href":"https:\/\/dhermez.com\/dhermez2025\/wp-json\/wp\/v2\/media\/6595"}],"wp:attachment":[{"href":"https:\/\/dhermez.com\/dhermez2025\/wp-json\/wp\/v2\/media?parent=6594"}],"wp:term":[{"taxonomy":"product_brand","embeddable":true,"href":"https:\/\/dhermez.com\/dhermez2025\/wp-json\/wp\/v2\/product_brand?post=6594"},{"taxonomy":"product_cat","embeddable":true,"href":"https:\/\/dhermez.com\/dhermez2025\/wp-json\/wp\/v2\/product_cat?post=6594"},{"taxonomy":"product_tag","embeddable":true,"href":"https:\/\/dhermez.com\/dhermez2025\/wp-json\/wp\/v2\/product_tag?post=6594"}],"curies":[{"name":"wp","href":"https:\/\/api.w.org\/{rel}","templated":true}]}}