{"id":6417,"date":"2022-09-26T17:24:21","date_gmt":"2022-09-26T17:24:21","guid":{"rendered":"https:\/\/dhermez.com\/dhermez2025\/?post_type=product&#038;p=6417"},"modified":"2022-10-07T22:39:09","modified_gmt":"2022-10-07T22:39:09","slug":"silla-mod-rewind","status":"publish","type":"product","link":"https:\/\/dhermez.com\/dhermez2025\/producto\/silla-mod-rewind\/","title":{"rendered":"Silla Mod. Rewind"},"content":{"rendered":"","protected":false},"excerpt":{"rendered":"<p>Silla apilable con respaldo fabricado en inyecci\u00f3n de polipropileno de alta resistencia reticulado para permitir circulaci\u00f3n de aire, mayor confort y dise\u00f1o ergon\u00f3mico. Asiento de polipropileno de alto impacto con terminaci\u00f3n ca\u00edda en cascada y concha inferior de asiento de polipropileno, colores negro, rojo, blanco, gris, verde, azul. Opci\u00f3n asiento tapizado en tela.<br \/>\nEstructura de\u00a0acero tubular redondo de 4 patas calibre 16 terminada en pintura electrost\u00e1tica terminado en color gris, negro y cromo.<\/p>\n<p><b>Dimensiones:<br \/>\n<\/b>Frente: 49 cm.<br \/>\nFondo: 59 cm.<br \/>\nAltura Total: 84 cm.<br \/>\nAltura Piso-Asiento: 47 cm<b>.<\/b><\/p>\n","protected":false},"featured_media":6418,"template":"","meta":{"site-sidebar-layout":"default","site-content-layout":"default","ast-site-content-layout":"","site-content-style":"default","site-sidebar-style":"default","ast-global-header-display":"","ast-banner-title-visibility":"","ast-main-header-display":"","ast-hfb-above-header-display":"","ast-hfb-below-header-display":"","ast-hfb-mobile-header-display":"","site-post-title":"","ast-breadcrumbs-content":"","ast-featured-img":"","footer-sml-layout":"","theme-transparent-header-meta":"default","adv-header-id-meta":"","stick-header-meta":"","header-above-stick-meta":"","header-main-stick-meta":"","header-below-stick-meta":"","astra-migrate-meta-layouts":"","_joinchat":[]},"product_brand":[],"product_cat":[40],"product_tag":[],"class_list":{"0":"post-6417","1":"product","2":"type-product","3":"status-publish","4":"has-post-thumbnail","6":"product_cat-sillas-de-espera","7":"desktop-align-left","8":"tablet-align-left","9":"mobile-align-left","11":"first","12":"instock","13":"shipping-taxable","14":"product-type-simple"},"_links":{"self":[{"href":"https:\/\/dhermez.com\/dhermez2025\/wp-json\/wp\/v2\/product\/6417","targetHints":{"allow":["GET"]}}],"collection":[{"href":"https:\/\/dhermez.com\/dhermez2025\/wp-json\/wp\/v2\/product"}],"about":[{"href":"https:\/\/dhermez.com\/dhermez2025\/wp-json\/wp\/v2\/types\/product"}],"wp:featuredmedia":[{"embeddable":true,"href":"https:\/\/dhermez.com\/dhermez2025\/wp-json\/wp\/v2\/media\/6418"}],"wp:attachment":[{"href":"https:\/\/dhermez.com\/dhermez2025\/wp-json\/wp\/v2\/media?parent=6417"}],"wp:term":[{"taxonomy":"product_brand","embeddable":true,"href":"https:\/\/dhermez.com\/dhermez2025\/wp-json\/wp\/v2\/product_brand?post=6417"},{"taxonomy":"product_cat","embeddable":true,"href":"https:\/\/dhermez.com\/dhermez2025\/wp-json\/wp\/v2\/product_cat?post=6417"},{"taxonomy":"product_tag","embeddable":true,"href":"https:\/\/dhermez.com\/dhermez2025\/wp-json\/wp\/v2\/product_tag?post=6417"}],"curies":[{"name":"wp","href":"https:\/\/api.w.org\/{rel}","templated":true}]}}