{"id":6364,"date":"2022-09-26T16:29:37","date_gmt":"2022-09-26T16:29:37","guid":{"rendered":"https:\/\/dhermez.com\/dhermez2025\/?post_type=product&#038;p=6364"},"modified":"2022-10-07T22:48:50","modified_gmt":"2022-10-07T22:48:50","slug":"recepcion-extension-553","status":"publish","type":"product","link":"https:\/\/dhermez.com\/dhermez2025\/producto\/recepcion-extension-553\/","title":{"rendered":"Recepci\u00f3n Extensi\u00f3n Mod. 553"},"content":{"rendered":"","protected":false},"excerpt":{"rendered":"<p>Recepci\u00f3n en Melamina de 19 mm de espesor. Color a elegir.<br \/>\nCantos protegidos con chapacinta de pvc de 1 mm de espesor.<br \/>\nTubular de 3\/4 x 1 1\/4 IN calibre 20.<br \/>\nTubular de 3\/4 x 1 3\/4 IN calibre 18.<br \/>\nPintura ep\u00f3xica texturizada.<br \/>\nRegat\u00f3n nivelador de pl\u00e1stico polipropileno duro.<br \/>\nMDF de 6 mm. Solera de 3 7\/8 IN.<br \/>\nEnsamble sin uso de herramientas.<br \/>\nTubular de acero resistente a rayadura y corrosi\u00f3n.<br \/>\nRegat\u00f3n nivelador para ajustar la altura de su mueble.<br \/>\nCubiertas de melamina resistente a rayaduras y quemaduras.<br \/>\nPolicarbonato semitransparente en parte superior.<\/p>\n<p><b>Dimensiones <\/b><b>Generales:<br \/>\n<\/b>Alto: 116 cm.<br \/>\nAncho: 171 cm.<br \/>\nProfundidad: 57 cm.<\/p>\n","protected":false},"featured_media":6365,"template":"","meta":{"site-sidebar-layout":"default","site-content-layout":"default","ast-site-content-layout":"","site-content-style":"default","site-sidebar-style":"default","ast-global-header-display":"","ast-banner-title-visibility":"","ast-main-header-display":"","ast-hfb-above-header-display":"","ast-hfb-below-header-display":"","ast-hfb-mobile-header-display":"","site-post-title":"","ast-breadcrumbs-content":"","ast-featured-img":"","footer-sml-layout":"","theme-transparent-header-meta":"default","adv-header-id-meta":"","stick-header-meta":"","header-above-stick-meta":"","header-main-stick-meta":"","header-below-stick-meta":"","astra-migrate-meta-layouts":"","_joinchat":[]},"product_brand":[],"product_cat":[45],"product_tag":[],"class_list":{"0":"post-6364","1":"product","2":"type-product","3":"status-publish","4":"has-post-thumbnail","6":"product_cat-recepciones","7":"desktop-align-left","8":"tablet-align-left","9":"mobile-align-left","11":"first","12":"instock","13":"shipping-taxable","14":"product-type-simple"},"_links":{"self":[{"href":"https:\/\/dhermez.com\/dhermez2025\/wp-json\/wp\/v2\/product\/6364","targetHints":{"allow":["GET"]}}],"collection":[{"href":"https:\/\/dhermez.com\/dhermez2025\/wp-json\/wp\/v2\/product"}],"about":[{"href":"https:\/\/dhermez.com\/dhermez2025\/wp-json\/wp\/v2\/types\/product"}],"wp:featuredmedia":[{"embeddable":true,"href":"https:\/\/dhermez.com\/dhermez2025\/wp-json\/wp\/v2\/media\/6365"}],"wp:attachment":[{"href":"https:\/\/dhermez.com\/dhermez2025\/wp-json\/wp\/v2\/media?parent=6364"}],"wp:term":[{"taxonomy":"product_brand","embeddable":true,"href":"https:\/\/dhermez.com\/dhermez2025\/wp-json\/wp\/v2\/product_brand?post=6364"},{"taxonomy":"product_cat","embeddable":true,"href":"https:\/\/dhermez.com\/dhermez2025\/wp-json\/wp\/v2\/product_cat?post=6364"},{"taxonomy":"product_tag","embeddable":true,"href":"https:\/\/dhermez.com\/dhermez2025\/wp-json\/wp\/v2\/product_tag?post=6364"}],"curies":[{"name":"wp","href":"https:\/\/api.w.org\/{rel}","templated":true}]}}