{"id":6326,"date":"2022-09-23T23:37:37","date_gmt":"2022-09-23T23:37:37","guid":{"rendered":"https:\/\/dhermez.com\/dhermez2025\/?post_type=product&#038;p=6326"},"modified":"2022-10-07T23:04:08","modified_gmt":"2022-10-07T23:04:08","slug":"escritorio-basico-120-cm-manual-sit-stand","status":"publish","type":"product","link":"https:\/\/dhermez.com\/dhermez2025\/producto\/escritorio-basico-120-cm-manual-sit-stand\/","title":{"rendered":"Escritorio B\u00e1sico 120 cm Manual Mod. Sit &#038; Stand"},"content":{"rendered":"","protected":false},"excerpt":{"rendered":"<p>Dise\u00f1ada para un estilo de trabajo basado en ergonom\u00eda, bienestar y productividad. Ideal para espacios orientados a crear una cultura y h\u00e1bitos saludables, encontrando el ajuste perfecto y cuidando la postura.<br \/>\nAltura ajustable de 75 cm a 125 cm.<br \/>\nSilencioso desplazamiento de altura.<br \/>\nSuave tope de gu\u00edas de altura.<br \/>\nMecanismo de elevaci\u00f3n seguro y resistente.<\/p>\n<p><strong>Dimensiones:<\/strong><br \/>\n<strong>Altura:<\/strong> 75 \u2013 125 cm<br \/>\n<strong>Profundidad:<\/strong> 60 cm<br \/>\n<strong>Ancho:<\/strong> 120 cm<\/p>\n","protected":false},"featured_media":6327,"template":"","meta":{"site-sidebar-layout":"default","site-content-layout":"default","ast-site-content-layout":"","site-content-style":"default","site-sidebar-style":"default","ast-global-header-display":"","ast-banner-title-visibility":"","ast-main-header-display":"","ast-hfb-above-header-display":"","ast-hfb-below-header-display":"","ast-hfb-mobile-header-display":"","site-post-title":"","ast-breadcrumbs-content":"","ast-featured-img":"","footer-sml-layout":"","theme-transparent-header-meta":"default","adv-header-id-meta":"","stick-header-meta":"","header-above-stick-meta":"","header-main-stick-meta":"","header-below-stick-meta":"","astra-migrate-meta-layouts":"","_joinchat":[]},"product_brand":[],"product_cat":[61],"product_tag":[],"class_list":{"0":"post-6326","1":"product","2":"type-product","3":"status-publish","4":"has-post-thumbnail","6":"product_cat-escritorios","7":"desktop-align-left","8":"tablet-align-left","9":"mobile-align-left","11":"first","12":"instock","13":"shipping-taxable","14":"product-type-simple"},"_links":{"self":[{"href":"https:\/\/dhermez.com\/dhermez2025\/wp-json\/wp\/v2\/product\/6326","targetHints":{"allow":["GET"]}}],"collection":[{"href":"https:\/\/dhermez.com\/dhermez2025\/wp-json\/wp\/v2\/product"}],"about":[{"href":"https:\/\/dhermez.com\/dhermez2025\/wp-json\/wp\/v2\/types\/product"}],"wp:featuredmedia":[{"embeddable":true,"href":"https:\/\/dhermez.com\/dhermez2025\/wp-json\/wp\/v2\/media\/6327"}],"wp:attachment":[{"href":"https:\/\/dhermez.com\/dhermez2025\/wp-json\/wp\/v2\/media?parent=6326"}],"wp:term":[{"taxonomy":"product_brand","embeddable":true,"href":"https:\/\/dhermez.com\/dhermez2025\/wp-json\/wp\/v2\/product_brand?post=6326"},{"taxonomy":"product_cat","embeddable":true,"href":"https:\/\/dhermez.com\/dhermez2025\/wp-json\/wp\/v2\/product_cat?post=6326"},{"taxonomy":"product_tag","embeddable":true,"href":"https:\/\/dhermez.com\/dhermez2025\/wp-json\/wp\/v2\/product_tag?post=6326"}],"curies":[{"name":"wp","href":"https:\/\/api.w.org\/{rel}","templated":true}]}}