{"id":6292,"date":"2022-09-23T22:14:39","date_gmt":"2022-09-23T22:14:39","guid":{"rendered":"https:\/\/dhermez.com\/dhermez2025\/?post_type=product&#038;p=6292"},"modified":"2022-10-25T23:10:15","modified_gmt":"2022-10-25T23:10:15","slug":"sillon-gamer-mod-004-2","status":"publish","type":"product","link":"https:\/\/dhermez.com\/dhermez2025\/producto\/sillon-gamer-mod-004-2\/","title":{"rendered":"Sillon Gamer Mod. 005"},"content":{"rendered":"","protected":false},"excerpt":{"rendered":"<p><b>Sill\u00f3n con base:<\/b>\u00a0estrella de 5 puntas en poliamida, rodajas tipo dual.<br \/>\n<b>elevaci\u00f3n:<\/b>\u00a0por medio de pist\u00f3n neum\u00e1tico que permite ajustar la altura del asiento.<br \/>\n<b>mecanismo:<\/b>\u00a0plato de acero reforzado con sistema de reclinaci\u00f3n y palanca de bloqueo, perilla de regulaci\u00f3n de tensi\u00f3n para el sistema de reclinaci\u00f3n.<br \/>\n<b>brazos:<\/b>\u00a0tipo 2D giratorios y ajustables de altura en polipropileno semi-r\u00edgido con pad de poliuretano.<br \/>\n<b>respaldo:<\/b> alto con cabecera, hule espuma laminado flexible con densidad de 50 kgs\/m\u00b3 y alta resiliencia; mecanismo con palanca para ajustar el \u00e1ngulo de inclinaci\u00f3n del respaldo (sistema de contacto permanente).<br \/>\n<b>asiento:<\/b> hule espuma laminado flexible con densidad de 50 kgs\/m\u00b3 y alta resiliencia.<br \/>\n<b>tapiz:<\/b>\u00a0sort revolving leather negro con azul.<br \/>\n<b>peso m\u00e1ximo de resistencia:<\/b>\u00a0150 kgs. Exclusivamente para uso residencial.<\/p>\n","protected":false},"featured_media":6293,"template":"","meta":{"site-sidebar-layout":"default","site-content-layout":"default","ast-site-content-layout":"","site-content-style":"default","site-sidebar-style":"default","ast-global-header-display":"","ast-banner-title-visibility":"","ast-main-header-display":"","ast-hfb-above-header-display":"","ast-hfb-below-header-display":"","ast-hfb-mobile-header-display":"","site-post-title":"","ast-breadcrumbs-content":"","ast-featured-img":"","footer-sml-layout":"","theme-transparent-header-meta":"default","adv-header-id-meta":"","stick-header-meta":"","header-above-stick-meta":"","header-main-stick-meta":"","header-below-stick-meta":"","astra-migrate-meta-layouts":"","_joinchat":[]},"product_brand":[],"product_cat":[57],"product_tag":[],"class_list":{"0":"post-6292","1":"product","2":"type-product","3":"status-publish","4":"has-post-thumbnail","6":"product_cat-gamer","7":"desktop-align-left","8":"tablet-align-left","9":"mobile-align-left","11":"first","12":"instock","13":"shipping-taxable","14":"product-type-simple"},"_links":{"self":[{"href":"https:\/\/dhermez.com\/dhermez2025\/wp-json\/wp\/v2\/product\/6292","targetHints":{"allow":["GET"]}}],"collection":[{"href":"https:\/\/dhermez.com\/dhermez2025\/wp-json\/wp\/v2\/product"}],"about":[{"href":"https:\/\/dhermez.com\/dhermez2025\/wp-json\/wp\/v2\/types\/product"}],"wp:featuredmedia":[{"embeddable":true,"href":"https:\/\/dhermez.com\/dhermez2025\/wp-json\/wp\/v2\/media\/6293"}],"wp:attachment":[{"href":"https:\/\/dhermez.com\/dhermez2025\/wp-json\/wp\/v2\/media?parent=6292"}],"wp:term":[{"taxonomy":"product_brand","embeddable":true,"href":"https:\/\/dhermez.com\/dhermez2025\/wp-json\/wp\/v2\/product_brand?post=6292"},{"taxonomy":"product_cat","embeddable":true,"href":"https:\/\/dhermez.com\/dhermez2025\/wp-json\/wp\/v2\/product_cat?post=6292"},{"taxonomy":"product_tag","embeddable":true,"href":"https:\/\/dhermez.com\/dhermez2025\/wp-json\/wp\/v2\/product_tag?post=6292"}],"curies":[{"name":"wp","href":"https:\/\/api.w.org\/{rel}","templated":true}]}}