{"id":5882,"date":"2022-08-17T16:08:53","date_gmt":"2022-08-17T16:08:53","guid":{"rendered":"https:\/\/dhermez.com\/dhermez2025\/producto\/silla-titi-mod-155-08700\/"},"modified":"2022-08-17T16:08:53","modified_gmt":"2022-08-17T16:08:53","slug":"silla-titi-mod-155-08700","status":"publish","type":"product","link":"https:\/\/dhermez.com\/dhermez2025\/producto\/silla-titi-mod-155-08700\/","title":{"rendered":"Silla Tit\u00ed   Mod.\u00a0155-08700\u00a0"},"content":{"rendered":"","protected":false},"excerpt":{"rendered":"<p><b>Silla con estructura elaborada en policarbonato transparente, transl\u00facido y colores s\u00f3lidos. Se caracterizada por su respaldo con el toque de Art-Nouveau constituido por 2 par\u00e1bolas, es apilable, para uso interno y externo.<\/b><\/p>\n<p><b>Colores:\u00a0 rojo y blanco<\/b><\/p>\n","protected":false},"featured_media":5881,"template":"","meta":{"site-sidebar-layout":"default","site-content-layout":"","ast-site-content-layout":"","site-content-style":"default","site-sidebar-style":"default","ast-global-header-display":"","ast-banner-title-visibility":"","ast-main-header-display":"","ast-hfb-above-header-display":"","ast-hfb-below-header-display":"","ast-hfb-mobile-header-display":"","site-post-title":"","ast-breadcrumbs-content":"","ast-featured-img":"","footer-sml-layout":"","theme-transparent-header-meta":"","adv-header-id-meta":"","stick-header-meta":"","header-above-stick-meta":"","header-main-stick-meta":"","header-below-stick-meta":"","astra-migrate-meta-layouts":"","_joinchat":[]},"product_brand":[],"product_cat":[54],"product_tag":[],"class_list":{"0":"post-5882","1":"product","2":"type-product","3":"status-publish","4":"has-post-thumbnail","6":"product_cat-labenze","7":"desktop-align-left","8":"tablet-align-left","9":"mobile-align-left","11":"first","12":"instock","13":"shipping-taxable","14":"product-type-simple"},"_links":{"self":[{"href":"https:\/\/dhermez.com\/dhermez2025\/wp-json\/wp\/v2\/product\/5882","targetHints":{"allow":["GET"]}}],"collection":[{"href":"https:\/\/dhermez.com\/dhermez2025\/wp-json\/wp\/v2\/product"}],"about":[{"href":"https:\/\/dhermez.com\/dhermez2025\/wp-json\/wp\/v2\/types\/product"}],"wp:featuredmedia":[{"embeddable":true,"href":"https:\/\/dhermez.com\/dhermez2025\/wp-json\/wp\/v2\/media\/5881"}],"wp:attachment":[{"href":"https:\/\/dhermez.com\/dhermez2025\/wp-json\/wp\/v2\/media?parent=5882"}],"wp:term":[{"taxonomy":"product_brand","embeddable":true,"href":"https:\/\/dhermez.com\/dhermez2025\/wp-json\/wp\/v2\/product_brand?post=5882"},{"taxonomy":"product_cat","embeddable":true,"href":"https:\/\/dhermez.com\/dhermez2025\/wp-json\/wp\/v2\/product_cat?post=5882"},{"taxonomy":"product_tag","embeddable":true,"href":"https:\/\/dhermez.com\/dhermez2025\/wp-json\/wp\/v2\/product_tag?post=5882"}],"curies":[{"name":"wp","href":"https:\/\/api.w.org\/{rel}","templated":true}]}}