{"id":5753,"date":"2022-08-17T16:08:21","date_gmt":"2022-08-17T16:08:21","guid":{"rendered":"https:\/\/dhermez.com\/dhermez2025\/producto\/silla-quick-ohs-47-2\/"},"modified":"2022-10-07T23:43:55","modified_gmt":"2022-10-07T23:43:55","slug":"silla-quick-ohs-47-2","status":"publish","type":"product","link":"https:\/\/dhermez.com\/dhermez2025\/producto\/silla-quick-ohs-47-2\/","title":{"rendered":"Silla Mod. Quick OHS-47"},"content":{"rendered":"","protected":false},"excerpt":{"rendered":"<p><b>Medidas: frente 44.5cm, profundidad 42.5cm, altura 87.5-76cm<\/b><\/p>\n<p><b>Colores: negro, azul, gris c\u00e1lido, avocado, blanco o rojo.<\/b><\/p>\n<p><b>Material:\u00a0 copol\u00edmero de polipropileno<\/b><\/p>\n<p><b>Descripci\u00f3n:\u00a0 Silla con asiento y respaldo en una sola pieza, dise\u00f1o ergon\u00f3mico, fijaci\u00f3n por medio de pijas. Pist\u00f3n neum\u00e1tico para ajuste de altura. Base estrella pentagonal de\u00a0 puntas, terminado en aluminio natural pulido, forma plana. Peso m\u00e1ximo de resistencia 120 <\/b><b>kgs<\/b><b>.<\/b><\/p>\n","protected":false},"featured_media":5752,"template":"","meta":{"site-sidebar-layout":"default","site-content-layout":"default","ast-site-content-layout":"","site-content-style":"default","site-sidebar-style":"default","ast-global-header-display":"","ast-banner-title-visibility":"","ast-main-header-display":"","ast-hfb-above-header-display":"","ast-hfb-below-header-display":"","ast-hfb-mobile-header-display":"","site-post-title":"","ast-breadcrumbs-content":"","ast-featured-img":"","footer-sml-layout":"","theme-transparent-header-meta":"default","adv-header-id-meta":"","stick-header-meta":"","header-above-stick-meta":"","header-main-stick-meta":"","header-below-stick-meta":"","astra-migrate-meta-layouts":"","_joinchat":[]},"product_brand":[],"product_cat":[37],"product_tag":[],"class_list":{"0":"post-5753","1":"product","2":"type-product","3":"status-publish","4":"has-post-thumbnail","6":"product_cat-sillas-operativas","7":"desktop-align-left","8":"tablet-align-left","9":"mobile-align-left","11":"first","12":"instock","13":"shipping-taxable","14":"product-type-simple"},"_links":{"self":[{"href":"https:\/\/dhermez.com\/dhermez2025\/wp-json\/wp\/v2\/product\/5753","targetHints":{"allow":["GET"]}}],"collection":[{"href":"https:\/\/dhermez.com\/dhermez2025\/wp-json\/wp\/v2\/product"}],"about":[{"href":"https:\/\/dhermez.com\/dhermez2025\/wp-json\/wp\/v2\/types\/product"}],"wp:featuredmedia":[{"embeddable":true,"href":"https:\/\/dhermez.com\/dhermez2025\/wp-json\/wp\/v2\/media\/5752"}],"wp:attachment":[{"href":"https:\/\/dhermez.com\/dhermez2025\/wp-json\/wp\/v2\/media?parent=5753"}],"wp:term":[{"taxonomy":"product_brand","embeddable":true,"href":"https:\/\/dhermez.com\/dhermez2025\/wp-json\/wp\/v2\/product_brand?post=5753"},{"taxonomy":"product_cat","embeddable":true,"href":"https:\/\/dhermez.com\/dhermez2025\/wp-json\/wp\/v2\/product_cat?post=5753"},{"taxonomy":"product_tag","embeddable":true,"href":"https:\/\/dhermez.com\/dhermez2025\/wp-json\/wp\/v2\/product_tag?post=5753"}],"curies":[{"name":"wp","href":"https:\/\/api.w.org\/{rel}","templated":true}]}}