{"id":5741,"date":"2022-08-17T16:08:19","date_gmt":"2022-08-17T16:08:19","guid":{"rendered":"https:\/\/dhermez.com\/dhermez2025\/producto\/juego-de-mesas\/"},"modified":"2022-10-14T17:49:43","modified_gmt":"2022-10-14T17:49:43","slug":"juego-de-mesas","status":"publish","type":"product","link":"https:\/\/dhermez.com\/dhermez2025\/producto\/juego-de-mesas\/","title":{"rendered":"Juego de mesas"},"content":{"rendered":"","protected":false},"excerpt":{"rendered":"<p><b>Medidas: <\/b>varias<\/p>\n<p><b>Colores: <\/b>a elegir<\/p>\n<p><b>Material: <\/b>melamina<\/p>\n<p><b>Descripci\u00f3n: <\/b>Opci\u00f3n ideal para espacios peque\u00f1os, se pueden usar juntas o separadas. Mesas elaboradas en melamina con estructura met\u00e1lica rectangular.<\/p>\n","protected":false},"featured_media":6899,"template":"","meta":{"site-sidebar-layout":"default","site-content-layout":"default","ast-site-content-layout":"","site-content-style":"default","site-sidebar-style":"default","ast-global-header-display":"","ast-banner-title-visibility":"","ast-main-header-display":"","ast-hfb-above-header-display":"","ast-hfb-below-header-display":"","ast-hfb-mobile-header-display":"","site-post-title":"","ast-breadcrumbs-content":"","ast-featured-img":"","footer-sml-layout":"","theme-transparent-header-meta":"default","adv-header-id-meta":"","stick-header-meta":"","header-above-stick-meta":"","header-main-stick-meta":"","header-below-stick-meta":"","astra-migrate-meta-layouts":"","_joinchat":[]},"product_brand":[],"product_cat":[51],"product_tag":[],"class_list":{"0":"post-5741","1":"product","2":"type-product","3":"status-publish","4":"has-post-thumbnail","6":"product_cat-industrial-vintage","7":"desktop-align-left","8":"tablet-align-left","9":"mobile-align-left","11":"first","12":"instock","13":"shipping-taxable","14":"product-type-simple"},"_links":{"self":[{"href":"https:\/\/dhermez.com\/dhermez2025\/wp-json\/wp\/v2\/product\/5741","targetHints":{"allow":["GET"]}}],"collection":[{"href":"https:\/\/dhermez.com\/dhermez2025\/wp-json\/wp\/v2\/product"}],"about":[{"href":"https:\/\/dhermez.com\/dhermez2025\/wp-json\/wp\/v2\/types\/product"}],"wp:featuredmedia":[{"embeddable":true,"href":"https:\/\/dhermez.com\/dhermez2025\/wp-json\/wp\/v2\/media\/6899"}],"wp:attachment":[{"href":"https:\/\/dhermez.com\/dhermez2025\/wp-json\/wp\/v2\/media?parent=5741"}],"wp:term":[{"taxonomy":"product_brand","embeddable":true,"href":"https:\/\/dhermez.com\/dhermez2025\/wp-json\/wp\/v2\/product_brand?post=5741"},{"taxonomy":"product_cat","embeddable":true,"href":"https:\/\/dhermez.com\/dhermez2025\/wp-json\/wp\/v2\/product_cat?post=5741"},{"taxonomy":"product_tag","embeddable":true,"href":"https:\/\/dhermez.com\/dhermez2025\/wp-json\/wp\/v2\/product_tag?post=5741"}],"curies":[{"name":"wp","href":"https:\/\/api.w.org\/{rel}","templated":true}]}}