{"id":5711,"date":"2022-08-17T16:08:12","date_gmt":"2022-08-17T16:08:12","guid":{"rendered":"https:\/\/dhermez.com\/dhermez2025\/producto\/pupitre-universitario-re981\/"},"modified":"2022-10-07T23:51:43","modified_gmt":"2022-10-07T23:51:43","slug":"pupitre-universitario-re981","status":"publish","type":"product","link":"https:\/\/dhermez.com\/dhermez2025\/producto\/pupitre-universitario-re981\/","title":{"rendered":"Pupitre Universitario Mod. RE981"},"content":{"rendered":"","protected":false},"excerpt":{"rendered":"<p><b>Medidas: butaca 56x76x84 paleta 47x32cm<\/b><\/p>\n<p><b>Colores: negro <\/b><\/p>\n<p><b>Material: polipropileno de alto impacto<\/b><\/p>\n<p><b>Descripci\u00f3n: Asiento y respaldo en una sola pieza de polipropileno de alta resistencia con dise\u00f1o ergon\u00f3mico para m\u00e1ximo soporte lumbar. Base de 4 patas en color negro.<\/b><\/p>\n","protected":false},"featured_media":5710,"template":"","meta":{"site-sidebar-layout":"default","site-content-layout":"default","ast-site-content-layout":"","site-content-style":"default","site-sidebar-style":"default","ast-global-header-display":"","ast-banner-title-visibility":"","ast-main-header-display":"","ast-hfb-above-header-display":"","ast-hfb-below-header-display":"","ast-hfb-mobile-header-display":"","site-post-title":"","ast-breadcrumbs-content":"","ast-featured-img":"","footer-sml-layout":"","theme-transparent-header-meta":"default","adv-header-id-meta":"","stick-header-meta":"","header-above-stick-meta":"","header-main-stick-meta":"","header-below-stick-meta":"","astra-migrate-meta-layouts":"","_joinchat":[]},"product_brand":[],"product_cat":[49],"product_tag":[],"class_list":{"0":"post-5711","1":"product","2":"type-product","3":"status-publish","4":"has-post-thumbnail","6":"product_cat-sillas-para-capacitacion","7":"desktop-align-left","8":"tablet-align-left","9":"mobile-align-left","11":"first","12":"instock","13":"shipping-taxable","14":"product-type-simple"},"_links":{"self":[{"href":"https:\/\/dhermez.com\/dhermez2025\/wp-json\/wp\/v2\/product\/5711","targetHints":{"allow":["GET"]}}],"collection":[{"href":"https:\/\/dhermez.com\/dhermez2025\/wp-json\/wp\/v2\/product"}],"about":[{"href":"https:\/\/dhermez.com\/dhermez2025\/wp-json\/wp\/v2\/types\/product"}],"wp:featuredmedia":[{"embeddable":true,"href":"https:\/\/dhermez.com\/dhermez2025\/wp-json\/wp\/v2\/media\/5710"}],"wp:attachment":[{"href":"https:\/\/dhermez.com\/dhermez2025\/wp-json\/wp\/v2\/media?parent=5711"}],"wp:term":[{"taxonomy":"product_brand","embeddable":true,"href":"https:\/\/dhermez.com\/dhermez2025\/wp-json\/wp\/v2\/product_brand?post=5711"},{"taxonomy":"product_cat","embeddable":true,"href":"https:\/\/dhermez.com\/dhermez2025\/wp-json\/wp\/v2\/product_cat?post=5711"},{"taxonomy":"product_tag","embeddable":true,"href":"https:\/\/dhermez.com\/dhermez2025\/wp-json\/wp\/v2\/product_tag?post=5711"}],"curies":[{"name":"wp","href":"https:\/\/api.w.org\/{rel}","templated":true}]}}