{"id":5653,"date":"2022-08-17T16:08:04","date_gmt":"2022-08-17T16:08:04","guid":{"rendered":"https:\/\/dhermez.com\/dhermez2025\/producto\/sillon-alicante-3-plazas-sku-343\/"},"modified":"2022-10-18T21:02:19","modified_gmt":"2022-10-18T21:02:19","slug":"sillon-alicante-3-plazas-sku-343","status":"publish","type":"product","link":"https:\/\/dhermez.com\/dhermez2025\/producto\/sillon-alicante-3-plazas-sku-343\/","title":{"rendered":"Sill\u00f3n Alicante 3 plazas SKU 343"},"content":{"rendered":"","protected":false},"excerpt":{"rendered":"<p><b>Medidas: ancho 199cm, profundidad 77cm, altura 77cm<\/b><\/p>\n<p><b>Colores: negro <\/b><\/p>\n<p><b>Material: <\/b><b>vinipiel<\/b><\/p>\n<p><b>Descripci\u00f3n: patas met\u00e1licas con tratamiento inoxidable, respaldo recto con dise\u00f1o acojinado, descansabrazos con \u00e1ngulo, <\/b><b>vinipiel<\/b><b> de 1mm de grosor. Disponible en 1,2 y 3 plazas.<\/b><\/p>\n","protected":false},"featured_media":5652,"template":"","meta":{"site-sidebar-layout":"default","site-content-layout":"default","ast-site-content-layout":"","site-content-style":"default","site-sidebar-style":"default","ast-global-header-display":"","ast-banner-title-visibility":"","ast-main-header-display":"","ast-hfb-above-header-display":"","ast-hfb-below-header-display":"","ast-hfb-mobile-header-display":"","site-post-title":"","ast-breadcrumbs-content":"","ast-featured-img":"","footer-sml-layout":"","theme-transparent-header-meta":"default","adv-header-id-meta":"","stick-header-meta":"","header-above-stick-meta":"","header-main-stick-meta":"","header-below-stick-meta":"","astra-migrate-meta-layouts":"","_joinchat":[]},"product_brand":[],"product_cat":[69],"product_tag":[],"class_list":{"0":"post-5653","1":"product","2":"type-product","3":"status-publish","4":"has-post-thumbnail","6":"product_cat-sillones","7":"desktop-align-left","8":"tablet-align-left","9":"mobile-align-left","11":"first","12":"instock","13":"shipping-taxable","14":"product-type-simple"},"_links":{"self":[{"href":"https:\/\/dhermez.com\/dhermez2025\/wp-json\/wp\/v2\/product\/5653","targetHints":{"allow":["GET"]}}],"collection":[{"href":"https:\/\/dhermez.com\/dhermez2025\/wp-json\/wp\/v2\/product"}],"about":[{"href":"https:\/\/dhermez.com\/dhermez2025\/wp-json\/wp\/v2\/types\/product"}],"wp:featuredmedia":[{"embeddable":true,"href":"https:\/\/dhermez.com\/dhermez2025\/wp-json\/wp\/v2\/media\/5652"}],"wp:attachment":[{"href":"https:\/\/dhermez.com\/dhermez2025\/wp-json\/wp\/v2\/media?parent=5653"}],"wp:term":[{"taxonomy":"product_brand","embeddable":true,"href":"https:\/\/dhermez.com\/dhermez2025\/wp-json\/wp\/v2\/product_brand?post=5653"},{"taxonomy":"product_cat","embeddable":true,"href":"https:\/\/dhermez.com\/dhermez2025\/wp-json\/wp\/v2\/product_cat?post=5653"},{"taxonomy":"product_tag","embeddable":true,"href":"https:\/\/dhermez.com\/dhermez2025\/wp-json\/wp\/v2\/product_tag?post=5653"}],"curies":[{"name":"wp","href":"https:\/\/api.w.org\/{rel}","templated":true}]}}