{"id":5643,"date":"2022-08-17T16:08:02","date_gmt":"2022-08-17T16:08:02","guid":{"rendered":"https:\/\/dhermez.com\/dhermez2025\/producto\/perchero-limbo\/"},"modified":"2022-08-17T16:08:02","modified_gmt":"2022-08-17T16:08:02","slug":"perchero-limbo","status":"publish","type":"product","link":"https:\/\/dhermez.com\/dhermez2025\/producto\/perchero-limbo\/","title":{"rendered":"Perchero Limbo"},"content":{"rendered":"","protected":false},"excerpt":{"rendered":"<p><b>Medidas: altura 174cm, ancho 55cm, profundidad 55cm<\/b><\/p>\n<p><b>Colores: negro <\/b><\/p>\n<p><b>Material: acero<\/b><\/p>\n<p><b>Descripci\u00f3n: Perchero con base tubular tipo estrella de 4 puntos tubular redondo de 5\/8\u201d calibre 18. Base de plato de pl\u00e1stico color negro. Tres secciones de tubo redondo de 2\u201d en calibre 18\u201d. Base para 4 sombrillas pl\u00e1stico color negro. Secci\u00f3n de 8 ganchos. Todas las secciones tubulares est\u00e1n acabadas en pintura <\/b><b>ep\u00f3xica<\/b><b> horneada color negro.<\/b><\/p>\n","protected":false},"featured_media":5642,"template":"","meta":{"site-sidebar-layout":"default","site-content-layout":"","ast-site-content-layout":"","site-content-style":"default","site-sidebar-style":"default","ast-global-header-display":"","ast-banner-title-visibility":"","ast-main-header-display":"","ast-hfb-above-header-display":"","ast-hfb-below-header-display":"","ast-hfb-mobile-header-display":"","site-post-title":"","ast-breadcrumbs-content":"","ast-featured-img":"","footer-sml-layout":"","theme-transparent-header-meta":"","adv-header-id-meta":"","stick-header-meta":"","header-above-stick-meta":"","header-main-stick-meta":"","header-below-stick-meta":"","astra-migrate-meta-layouts":"","_joinchat":[]},"product_brand":[],"product_cat":[46],"product_tag":[],"class_list":{"0":"post-5643","1":"product","2":"type-product","3":"status-publish","4":"has-post-thumbnail","6":"product_cat-accesorios","7":"desktop-align-left","8":"tablet-align-left","9":"mobile-align-left","11":"first","12":"instock","13":"shipping-taxable","14":"product-type-simple"},"_links":{"self":[{"href":"https:\/\/dhermez.com\/dhermez2025\/wp-json\/wp\/v2\/product\/5643","targetHints":{"allow":["GET"]}}],"collection":[{"href":"https:\/\/dhermez.com\/dhermez2025\/wp-json\/wp\/v2\/product"}],"about":[{"href":"https:\/\/dhermez.com\/dhermez2025\/wp-json\/wp\/v2\/types\/product"}],"wp:featuredmedia":[{"embeddable":true,"href":"https:\/\/dhermez.com\/dhermez2025\/wp-json\/wp\/v2\/media\/5642"}],"wp:attachment":[{"href":"https:\/\/dhermez.com\/dhermez2025\/wp-json\/wp\/v2\/media?parent=5643"}],"wp:term":[{"taxonomy":"product_brand","embeddable":true,"href":"https:\/\/dhermez.com\/dhermez2025\/wp-json\/wp\/v2\/product_brand?post=5643"},{"taxonomy":"product_cat","embeddable":true,"href":"https:\/\/dhermez.com\/dhermez2025\/wp-json\/wp\/v2\/product_cat?post=5643"},{"taxonomy":"product_tag","embeddable":true,"href":"https:\/\/dhermez.com\/dhermez2025\/wp-json\/wp\/v2\/product_tag?post=5643"}],"curies":[{"name":"wp","href":"https:\/\/api.w.org\/{rel}","templated":true}]}}