{"id":5609,"date":"2022-08-17T16:07:53","date_gmt":"2022-08-17T16:07:53","guid":{"rendered":"https:\/\/dhermez.com\/dhermez2025\/producto\/librero-medio\/"},"modified":"2022-10-07T18:19:15","modified_gmt":"2022-10-07T18:19:15","slug":"librero-medio","status":"publish","type":"product","link":"https:\/\/dhermez.com\/dhermez2025\/producto\/librero-medio\/","title":{"rendered":"Librero Medio"},"content":{"rendered":"","protected":false},"excerpt":{"rendered":"<p><b>MOBILIARIO EN MELAMINA<\/b><\/p>\n<p><b>Las medidas pueden variar de acuerdo a su necesidad.<br \/>\n<\/b><b>Medidas: 75x35x100cm<br \/>\n<\/b><b>Colores:\u00a0 a elegir<br \/>\n<\/b><b>Material: melamina<br \/>\n<\/b><b>Descripci\u00f3n: Librero elaborado en melamina 16mm de espesor, consta de 2 entrepa\u00f1os y niveladores de piso. Opci\u00f3n con puertas.<\/b><\/p>\n","protected":false},"featured_media":6620,"template":"","meta":{"site-sidebar-layout":"default","site-content-layout":"default","ast-site-content-layout":"","site-content-style":"default","site-sidebar-style":"default","ast-global-header-display":"","ast-banner-title-visibility":"","ast-main-header-display":"","ast-hfb-above-header-display":"","ast-hfb-below-header-display":"","ast-hfb-mobile-header-display":"","site-post-title":"","ast-breadcrumbs-content":"","ast-featured-img":"","footer-sml-layout":"","theme-transparent-header-meta":"default","adv-header-id-meta":"","stick-header-meta":"","header-above-stick-meta":"","header-main-stick-meta":"","header-below-stick-meta":"","astra-migrate-meta-layouts":"","_joinchat":[]},"product_brand":[],"product_cat":[44],"product_tag":[],"class_list":{"0":"post-5609","1":"product","2":"type-product","3":"status-publish","4":"has-post-thumbnail","6":"product_cat-libreros-y-credenzas","7":"desktop-align-left","8":"tablet-align-left","9":"mobile-align-left","11":"first","12":"instock","13":"shipping-taxable","14":"product-type-simple"},"_links":{"self":[{"href":"https:\/\/dhermez.com\/dhermez2025\/wp-json\/wp\/v2\/product\/5609","targetHints":{"allow":["GET"]}}],"collection":[{"href":"https:\/\/dhermez.com\/dhermez2025\/wp-json\/wp\/v2\/product"}],"about":[{"href":"https:\/\/dhermez.com\/dhermez2025\/wp-json\/wp\/v2\/types\/product"}],"wp:featuredmedia":[{"embeddable":true,"href":"https:\/\/dhermez.com\/dhermez2025\/wp-json\/wp\/v2\/media\/6620"}],"wp:attachment":[{"href":"https:\/\/dhermez.com\/dhermez2025\/wp-json\/wp\/v2\/media?parent=5609"}],"wp:term":[{"taxonomy":"product_brand","embeddable":true,"href":"https:\/\/dhermez.com\/dhermez2025\/wp-json\/wp\/v2\/product_brand?post=5609"},{"taxonomy":"product_cat","embeddable":true,"href":"https:\/\/dhermez.com\/dhermez2025\/wp-json\/wp\/v2\/product_cat?post=5609"},{"taxonomy":"product_tag","embeddable":true,"href":"https:\/\/dhermez.com\/dhermez2025\/wp-json\/wp\/v2\/product_tag?post=5609"}],"curies":[{"name":"wp","href":"https:\/\/api.w.org\/{rel}","templated":true}]}}