{"id":5591,"date":"2022-08-17T16:07:52","date_gmt":"2022-08-17T16:07:52","guid":{"rendered":"https:\/\/dhermez.com\/dhermez2025\/producto\/anaquel-metalico\/"},"modified":"2022-08-17T16:07:52","modified_gmt":"2022-08-17T16:07:52","slug":"anaquel-metalico","status":"publish","type":"product","link":"https:\/\/dhermez.com\/dhermez2025\/producto\/anaquel-metalico\/","title":{"rendered":"Anaquel met\u00e1lico"},"content":{"rendered":"","protected":false},"excerpt":{"rendered":"<p><b>Medidas: varias\u00a0\u00a0\u00a0\u00a0 <\/b><\/p>\n<p><b>Colores: gris<\/b><\/p>\n<p><b>Material: met\u00e1lico<\/b><\/p>\n<p><b>Descripci\u00f3n: Anaqueles con entrepa\u00f1os de l\u00e1mina cal. 22 y postes cal. 16<\/b><\/p>\n","protected":false},"featured_media":5590,"template":"","meta":{"site-sidebar-layout":"default","site-content-layout":"","ast-site-content-layout":"","site-content-style":"default","site-sidebar-style":"default","ast-global-header-display":"","ast-banner-title-visibility":"","ast-main-header-display":"","ast-hfb-above-header-display":"","ast-hfb-below-header-display":"","ast-hfb-mobile-header-display":"","site-post-title":"","ast-breadcrumbs-content":"","ast-featured-img":"","footer-sml-layout":"","theme-transparent-header-meta":"","adv-header-id-meta":"","stick-header-meta":"","header-above-stick-meta":"","header-main-stick-meta":"","header-below-stick-meta":"","astra-migrate-meta-layouts":"","_joinchat":[]},"product_brand":[],"product_cat":[41],"product_tag":[],"class_list":{"0":"post-5591","1":"product","2":"type-product","3":"status-publish","4":"has-post-thumbnail","6":"product_cat-metalicos","7":"desktop-align-left","8":"tablet-align-left","9":"mobile-align-left","11":"first","12":"instock","13":"shipping-taxable","14":"product-type-simple"},"_links":{"self":[{"href":"https:\/\/dhermez.com\/dhermez2025\/wp-json\/wp\/v2\/product\/5591","targetHints":{"allow":["GET"]}}],"collection":[{"href":"https:\/\/dhermez.com\/dhermez2025\/wp-json\/wp\/v2\/product"}],"about":[{"href":"https:\/\/dhermez.com\/dhermez2025\/wp-json\/wp\/v2\/types\/product"}],"wp:featuredmedia":[{"embeddable":true,"href":"https:\/\/dhermez.com\/dhermez2025\/wp-json\/wp\/v2\/media\/5590"}],"wp:attachment":[{"href":"https:\/\/dhermez.com\/dhermez2025\/wp-json\/wp\/v2\/media?parent=5591"}],"wp:term":[{"taxonomy":"product_brand","embeddable":true,"href":"https:\/\/dhermez.com\/dhermez2025\/wp-json\/wp\/v2\/product_brand?post=5591"},{"taxonomy":"product_cat","embeddable":true,"href":"https:\/\/dhermez.com\/dhermez2025\/wp-json\/wp\/v2\/product_cat?post=5591"},{"taxonomy":"product_tag","embeddable":true,"href":"https:\/\/dhermez.com\/dhermez2025\/wp-json\/wp\/v2\/product_tag?post=5591"}],"curies":[{"name":"wp","href":"https:\/\/api.w.org\/{rel}","templated":true}]}}