{"id":5585,"date":"2022-08-17T16:07:51","date_gmt":"2022-08-17T16:07:51","guid":{"rendered":"https:\/\/dhermez.com\/dhermez2025\/producto\/gabinete-universal\/"},"modified":"2022-08-17T16:07:51","modified_gmt":"2022-08-17T16:07:51","slug":"gabinete-universal","status":"publish","type":"product","link":"https:\/\/dhermez.com\/dhermez2025\/producto\/gabinete-universal\/","title":{"rendered":"Gabinete Universal"},"content":{"rendered":"","protected":false},"excerpt":{"rendered":"<p><b>Medidas: 1.75x90x40\u00a0\u00a0\u00a0\u00a0 <\/b><\/p>\n<p><b>Colores:\u00a0 arena o gris<\/b><\/p>\n<p><b>Material:\u00a0 metal<\/b><\/p>\n<p><b>Descripci\u00f3n: Gabinete met\u00e1lico con 4 entrepa\u00f1os fijos, 2 puertas y cerradura. Fabricado en l\u00e1mina cal. 24. Pintura con proceso electrost\u00e1tico.<\/b><\/p>\n","protected":false},"featured_media":5584,"template":"","meta":{"site-sidebar-layout":"default","site-content-layout":"","ast-site-content-layout":"","site-content-style":"default","site-sidebar-style":"default","ast-global-header-display":"","ast-banner-title-visibility":"","ast-main-header-display":"","ast-hfb-above-header-display":"","ast-hfb-below-header-display":"","ast-hfb-mobile-header-display":"","site-post-title":"","ast-breadcrumbs-content":"","ast-featured-img":"","footer-sml-layout":"","theme-transparent-header-meta":"","adv-header-id-meta":"","stick-header-meta":"","header-above-stick-meta":"","header-main-stick-meta":"","header-below-stick-meta":"","astra-migrate-meta-layouts":"","_joinchat":[]},"product_brand":[],"product_cat":[41],"product_tag":[],"class_list":{"0":"post-5585","1":"product","2":"type-product","3":"status-publish","4":"has-post-thumbnail","6":"product_cat-metalicos","7":"desktop-align-left","8":"tablet-align-left","9":"mobile-align-left","11":"first","12":"instock","13":"shipping-taxable","14":"product-type-simple"},"_links":{"self":[{"href":"https:\/\/dhermez.com\/dhermez2025\/wp-json\/wp\/v2\/product\/5585","targetHints":{"allow":["GET"]}}],"collection":[{"href":"https:\/\/dhermez.com\/dhermez2025\/wp-json\/wp\/v2\/product"}],"about":[{"href":"https:\/\/dhermez.com\/dhermez2025\/wp-json\/wp\/v2\/types\/product"}],"wp:featuredmedia":[{"embeddable":true,"href":"https:\/\/dhermez.com\/dhermez2025\/wp-json\/wp\/v2\/media\/5584"}],"wp:attachment":[{"href":"https:\/\/dhermez.com\/dhermez2025\/wp-json\/wp\/v2\/media?parent=5585"}],"wp:term":[{"taxonomy":"product_brand","embeddable":true,"href":"https:\/\/dhermez.com\/dhermez2025\/wp-json\/wp\/v2\/product_brand?post=5585"},{"taxonomy":"product_cat","embeddable":true,"href":"https:\/\/dhermez.com\/dhermez2025\/wp-json\/wp\/v2\/product_cat?post=5585"},{"taxonomy":"product_tag","embeddable":true,"href":"https:\/\/dhermez.com\/dhermez2025\/wp-json\/wp\/v2\/product_tag?post=5585"}],"curies":[{"name":"wp","href":"https:\/\/api.w.org\/{rel}","templated":true}]}}