{"id":5563,"date":"2022-08-17T16:07:45","date_gmt":"2022-08-17T16:07:45","guid":{"rendered":"https:\/\/dhermez.com\/dhermez2025\/producto\/silla-innova-ohv-2700cr\/"},"modified":"2022-08-17T16:07:45","modified_gmt":"2022-08-17T16:07:45","slug":"silla-innova-ohv-2700cr","status":"publish","type":"product","link":"https:\/\/dhermez.com\/dhermez2025\/producto\/silla-innova-ohv-2700cr\/","title":{"rendered":"Silla Innova OHV-2700CR"},"content":{"rendered":"","protected":false},"excerpt":{"rendered":"<p><b>Medidas: frente 51cm, profundidad 40cm, altura de asiento a piso 44cm<\/b><\/p>\n<p><b>Colores: negro, naranja, rojo, verde, azul y gris <\/b><\/p>\n<p><b>Material: polipropileno de alta resistencia<\/b><\/p>\n<p><b>Descripci\u00f3n: Asiento y respaldo en dos piezas en polipropileno, estructura de acero tubular ovalado con terminado en cromo. Opci\u00f3n de tubular con terminado esmaltado en color negro y opci\u00f3n de asiento acojinado\u00a0 tapizado en tela o vinil. Peso m\u00e1ximo de resistencia 120kgs.<\/b><\/p>\n","protected":false},"featured_media":5562,"template":"","meta":{"site-sidebar-layout":"default","site-content-layout":"","ast-site-content-layout":"","site-content-style":"default","site-sidebar-style":"default","ast-global-header-display":"","ast-banner-title-visibility":"","ast-main-header-display":"","ast-hfb-above-header-display":"","ast-hfb-below-header-display":"","ast-hfb-mobile-header-display":"","site-post-title":"","ast-breadcrumbs-content":"","ast-featured-img":"","footer-sml-layout":"","theme-transparent-header-meta":"","adv-header-id-meta":"","stick-header-meta":"","header-above-stick-meta":"","header-main-stick-meta":"","header-below-stick-meta":"","astra-migrate-meta-layouts":"","_joinchat":[]},"product_brand":[],"product_cat":[40],"product_tag":[],"class_list":{"0":"post-5563","1":"product","2":"type-product","3":"status-publish","4":"has-post-thumbnail","6":"product_cat-sillas-de-espera","7":"desktop-align-left","8":"tablet-align-left","9":"mobile-align-left","11":"first","12":"instock","13":"shipping-taxable","14":"product-type-simple"},"_links":{"self":[{"href":"https:\/\/dhermez.com\/dhermez2025\/wp-json\/wp\/v2\/product\/5563","targetHints":{"allow":["GET"]}}],"collection":[{"href":"https:\/\/dhermez.com\/dhermez2025\/wp-json\/wp\/v2\/product"}],"about":[{"href":"https:\/\/dhermez.com\/dhermez2025\/wp-json\/wp\/v2\/types\/product"}],"wp:featuredmedia":[{"embeddable":true,"href":"https:\/\/dhermez.com\/dhermez2025\/wp-json\/wp\/v2\/media\/5562"}],"wp:attachment":[{"href":"https:\/\/dhermez.com\/dhermez2025\/wp-json\/wp\/v2\/media?parent=5563"}],"wp:term":[{"taxonomy":"product_brand","embeddable":true,"href":"https:\/\/dhermez.com\/dhermez2025\/wp-json\/wp\/v2\/product_brand?post=5563"},{"taxonomy":"product_cat","embeddable":true,"href":"https:\/\/dhermez.com\/dhermez2025\/wp-json\/wp\/v2\/product_cat?post=5563"},{"taxonomy":"product_tag","embeddable":true,"href":"https:\/\/dhermez.com\/dhermez2025\/wp-json\/wp\/v2\/product_tag?post=5563"}],"curies":[{"name":"wp","href":"https:\/\/api.w.org\/{rel}","templated":true}]}}