{"id":5549,"date":"2022-08-17T16:07:43","date_gmt":"2022-08-17T16:07:43","guid":{"rendered":"https:\/\/dhermez.com\/dhermez2025\/producto\/banca-rewind-re-573m\/"},"modified":"2022-08-17T16:07:43","modified_gmt":"2022-08-17T16:07:43","slug":"banca-rewind-re-573m","status":"publish","type":"product","link":"https:\/\/dhermez.com\/dhermez2025\/producto\/banca-rewind-re-573m\/","title":{"rendered":"Banca Rewind RE-573M"},"content":{"rendered":"","protected":false},"excerpt":{"rendered":"<p><b>Medidas:\u00a0 altura piso-asiento 47cm, altura-fondo 59cm, altura frente 160cm, altura total 84cm<\/b><\/p>\n<p><b>Color: rojo, negro, verde, azul, blanco <\/b><\/p>\n<p><b>Material: polipropileno<\/b><\/p>\n<p><b>Descripci\u00f3n: Banca de 2 plazas de polipropileno reticulado para permitir circulaci\u00f3n de aire,\u00a0 dise\u00f1o ergon\u00f3mico, con mesa. Asiento de polipropileno de alto impacto con terminaci\u00f3n ca\u00edda en cascada. Base en acero tubular redondo y travesa\u00f1o, terminado en pintura electrost\u00e1tica color, gris, negro y cromo. Opci\u00f3n en 2, 3 y 4 plazas, con o sin mesa.<\/b><\/p>\n","protected":false},"featured_media":5548,"template":"","meta":{"site-sidebar-layout":"default","site-content-layout":"","ast-site-content-layout":"","site-content-style":"default","site-sidebar-style":"default","ast-global-header-display":"","ast-banner-title-visibility":"","ast-main-header-display":"","ast-hfb-above-header-display":"","ast-hfb-below-header-display":"","ast-hfb-mobile-header-display":"","site-post-title":"","ast-breadcrumbs-content":"","ast-featured-img":"","footer-sml-layout":"","theme-transparent-header-meta":"","adv-header-id-meta":"","stick-header-meta":"","header-above-stick-meta":"","header-main-stick-meta":"","header-below-stick-meta":"","astra-migrate-meta-layouts":"","_joinchat":[]},"product_brand":[],"product_cat":[40],"product_tag":[],"class_list":{"0":"post-5549","1":"product","2":"type-product","3":"status-publish","4":"has-post-thumbnail","6":"product_cat-sillas-de-espera","7":"desktop-align-left","8":"tablet-align-left","9":"mobile-align-left","11":"first","12":"instock","13":"shipping-taxable","14":"product-type-simple"},"_links":{"self":[{"href":"https:\/\/dhermez.com\/dhermez2025\/wp-json\/wp\/v2\/product\/5549","targetHints":{"allow":["GET"]}}],"collection":[{"href":"https:\/\/dhermez.com\/dhermez2025\/wp-json\/wp\/v2\/product"}],"about":[{"href":"https:\/\/dhermez.com\/dhermez2025\/wp-json\/wp\/v2\/types\/product"}],"wp:featuredmedia":[{"embeddable":true,"href":"https:\/\/dhermez.com\/dhermez2025\/wp-json\/wp\/v2\/media\/5548"}],"wp:attachment":[{"href":"https:\/\/dhermez.com\/dhermez2025\/wp-json\/wp\/v2\/media?parent=5549"}],"wp:term":[{"taxonomy":"product_brand","embeddable":true,"href":"https:\/\/dhermez.com\/dhermez2025\/wp-json\/wp\/v2\/product_brand?post=5549"},{"taxonomy":"product_cat","embeddable":true,"href":"https:\/\/dhermez.com\/dhermez2025\/wp-json\/wp\/v2\/product_cat?post=5549"},{"taxonomy":"product_tag","embeddable":true,"href":"https:\/\/dhermez.com\/dhermez2025\/wp-json\/wp\/v2\/product_tag?post=5549"}],"curies":[{"name":"wp","href":"https:\/\/api.w.org\/{rel}","templated":true}]}}