{"id":5523,"date":"2022-08-17T16:07:39","date_gmt":"2022-08-17T16:07:39","guid":{"rendered":"https:\/\/dhermez.com\/dhermez2025\/producto\/silla-revolution-ohs-87-al\/"},"modified":"2022-08-17T16:07:39","modified_gmt":"2022-08-17T16:07:39","slug":"silla-revolution-ohs-87-al","status":"publish","type":"product","link":"https:\/\/dhermez.com\/dhermez2025\/producto\/silla-revolution-ohs-87-al\/","title":{"rendered":"Silla  Revolution OHS-87 AL"},"content":{"rendered":"","protected":false},"excerpt":{"rendered":"<p><b>Medidas:\u00a0 frente 46cm, profundidad 43cm, altura 105cm\u00a0\u00a0 <\/b><\/p>\n<p><b>Colores: respaldo: negro, azul marino, verde, naranja, arena, blanco, rojo o gris. Tapiz o vinil al color de su elecci\u00f3n de nuestro cat\u00e1logo.<\/b><\/p>\n<p><b>Material: polipropileno y tela o vinil<\/b><\/p>\n<p><b>Descripci\u00f3n: Silla\u00a0 con respaldo en polipropileno de alta resistencia, asiento acojinado y tapizado en tela o vinil. Base estrella de 5 puntas en aluminio fundido y pulido, rodajas tipo dual y\/o regatones, elevaci\u00f3n por\u00a0 medio de pist\u00f3n neum\u00e1tico con terminado en cromo. Descansa pies en aluminio con opci\u00f3n en nylon.<\/b><\/p>\n","protected":false},"featured_media":5522,"template":"","meta":{"site-sidebar-layout":"default","site-content-layout":"","ast-site-content-layout":"","site-content-style":"default","site-sidebar-style":"default","ast-global-header-display":"","ast-banner-title-visibility":"","ast-main-header-display":"","ast-hfb-above-header-display":"","ast-hfb-below-header-display":"","ast-hfb-mobile-header-display":"","site-post-title":"","ast-breadcrumbs-content":"","ast-featured-img":"","footer-sml-layout":"","theme-transparent-header-meta":"","adv-header-id-meta":"","stick-header-meta":"","header-above-stick-meta":"","header-main-stick-meta":"","header-below-stick-meta":"","astra-migrate-meta-layouts":"","_joinchat":[]},"product_brand":[],"product_cat":[38],"product_tag":[],"class_list":{"0":"post-5523","1":"product","2":"type-product","3":"status-publish","4":"has-post-thumbnail","6":"product_cat-sillas-cajeras","7":"desktop-align-left","8":"tablet-align-left","9":"mobile-align-left","11":"first","12":"instock","13":"shipping-taxable","14":"product-type-simple"},"_links":{"self":[{"href":"https:\/\/dhermez.com\/dhermez2025\/wp-json\/wp\/v2\/product\/5523","targetHints":{"allow":["GET"]}}],"collection":[{"href":"https:\/\/dhermez.com\/dhermez2025\/wp-json\/wp\/v2\/product"}],"about":[{"href":"https:\/\/dhermez.com\/dhermez2025\/wp-json\/wp\/v2\/types\/product"}],"wp:featuredmedia":[{"embeddable":true,"href":"https:\/\/dhermez.com\/dhermez2025\/wp-json\/wp\/v2\/media\/5522"}],"wp:attachment":[{"href":"https:\/\/dhermez.com\/dhermez2025\/wp-json\/wp\/v2\/media?parent=5523"}],"wp:term":[{"taxonomy":"product_brand","embeddable":true,"href":"https:\/\/dhermez.com\/dhermez2025\/wp-json\/wp\/v2\/product_brand?post=5523"},{"taxonomy":"product_cat","embeddable":true,"href":"https:\/\/dhermez.com\/dhermez2025\/wp-json\/wp\/v2\/product_cat?post=5523"},{"taxonomy":"product_tag","embeddable":true,"href":"https:\/\/dhermez.com\/dhermez2025\/wp-json\/wp\/v2\/product_tag?post=5523"}],"curies":[{"name":"wp","href":"https:\/\/api.w.org\/{rel}","templated":true}]}}