{"id":5477,"date":"2022-08-17T16:07:31","date_gmt":"2022-08-17T16:07:31","guid":{"rendered":"https:\/\/dhermez.com\/dhermez2025\/producto\/sillon-goetz-alto-ohe-205\/"},"modified":"2022-08-17T16:07:31","modified_gmt":"2022-08-17T16:07:31","slug":"sillon-goetz-alto-ohe-205","status":"publish","type":"product","link":"https:\/\/dhermez.com\/dhermez2025\/producto\/sillon-goetz-alto-ohe-205\/","title":{"rendered":"Sill\u00f3n Goetz Alto OHE-205"},"content":{"rendered":"","protected":false},"excerpt":{"rendered":"<p><b>Medidas: frente 48cm, profundidad 45cm, altura 108-118 cm <\/b><\/p>\n<p><b>Colores:\u00a0 negro<\/b><\/p>\n<p><b>Material: <\/b><b>Soft<\/b> <b>revolving<\/b> <b>leather<\/b><\/p>\n<p><b>Descripci\u00f3n: Sill\u00f3n ejecutivo respaldo y asiento tapizado en una sola pieza, marco met\u00e1lico cromado, brazos cromados. Base estrella cromada de alta calidad con rodajas. M<\/b><b>ecanismo ejecutivo para activar pist\u00f3n y palanca para bloqueo de <\/b><b>reclinamiento<\/b><b>. Opci\u00f3n respaldo bajo. Peso m\u00e1ximo de resistencia 160kgs.<\/b><\/p>\n","protected":false},"featured_media":5476,"template":"","meta":{"site-sidebar-layout":"default","site-content-layout":"","ast-site-content-layout":"","site-content-style":"default","site-sidebar-style":"default","ast-global-header-display":"","ast-banner-title-visibility":"","ast-main-header-display":"","ast-hfb-above-header-display":"","ast-hfb-below-header-display":"","ast-hfb-mobile-header-display":"","site-post-title":"","ast-breadcrumbs-content":"","ast-featured-img":"","footer-sml-layout":"","theme-transparent-header-meta":"","adv-header-id-meta":"","stick-header-meta":"","header-above-stick-meta":"","header-main-stick-meta":"","header-below-stick-meta":"","astra-migrate-meta-layouts":"","_joinchat":[]},"product_brand":[],"product_cat":[35],"product_tag":[],"class_list":{"0":"post-5477","1":"product","2":"type-product","3":"status-publish","4":"has-post-thumbnail","6":"product_cat-sillon-ejecutivo","7":"desktop-align-left","8":"tablet-align-left","9":"mobile-align-left","11":"first","12":"instock","13":"shipping-taxable","14":"product-type-simple"},"_links":{"self":[{"href":"https:\/\/dhermez.com\/dhermez2025\/wp-json\/wp\/v2\/product\/5477","targetHints":{"allow":["GET"]}}],"collection":[{"href":"https:\/\/dhermez.com\/dhermez2025\/wp-json\/wp\/v2\/product"}],"about":[{"href":"https:\/\/dhermez.com\/dhermez2025\/wp-json\/wp\/v2\/types\/product"}],"wp:featuredmedia":[{"embeddable":true,"href":"https:\/\/dhermez.com\/dhermez2025\/wp-json\/wp\/v2\/media\/5476"}],"wp:attachment":[{"href":"https:\/\/dhermez.com\/dhermez2025\/wp-json\/wp\/v2\/media?parent=5477"}],"wp:term":[{"taxonomy":"product_brand","embeddable":true,"href":"https:\/\/dhermez.com\/dhermez2025\/wp-json\/wp\/v2\/product_brand?post=5477"},{"taxonomy":"product_cat","embeddable":true,"href":"https:\/\/dhermez.com\/dhermez2025\/wp-json\/wp\/v2\/product_cat?post=5477"},{"taxonomy":"product_tag","embeddable":true,"href":"https:\/\/dhermez.com\/dhermez2025\/wp-json\/wp\/v2\/product_tag?post=5477"}],"curies":[{"name":"wp","href":"https:\/\/api.w.org\/{rel}","templated":true}]}}