{"id":5471,"date":"2022-08-17T16:07:30","date_gmt":"2022-08-17T16:07:30","guid":{"rendered":"https:\/\/dhermez.com\/dhermez2025\/producto\/sillon-alufsen-alto-ohe-405\/"},"modified":"2022-08-17T16:07:30","modified_gmt":"2022-08-17T16:07:30","slug":"sillon-alufsen-alto-ohe-405","status":"publish","type":"product","link":"https:\/\/dhermez.com\/dhermez2025\/producto\/sillon-alufsen-alto-ohe-405\/","title":{"rendered":"Sill\u00f3n Alufsen Alto OHE-405"},"content":{"rendered":"","protected":false},"excerpt":{"rendered":"<p><b>Medidas: frente 50cm, profundidad 50cm, altura 118cm \u2013 126cm<\/b><\/p>\n<p><b>Colores: chocolate <\/b><\/p>\n<p><b>Material: <\/b><b>soft<\/b> <b>revolving<\/b> <b>leather<\/b><\/p>\n<p><b>Descripci\u00f3n: Sill\u00f3n con respaldo alto con cabecera, (opci\u00f3n de respaldo bajo), tapizado en <\/b><b>soft<\/b> <b>revolving<\/b> <b>leather<\/b><b>. Mecanismo de ajuste de altura y reclinaci\u00f3n. Brazos de aluminio fundido y con terminado natural acojinados y tapizados. Base estrella en fundici\u00f3n de aluminio, con rodajas y\/o regatones. Peso m\u00e1ximo de resistencia 160kgs.<\/b><\/p>\n","protected":false},"featured_media":5470,"template":"","meta":{"site-sidebar-layout":"default","site-content-layout":"","ast-site-content-layout":"","site-content-style":"default","site-sidebar-style":"default","ast-global-header-display":"","ast-banner-title-visibility":"","ast-main-header-display":"","ast-hfb-above-header-display":"","ast-hfb-below-header-display":"","ast-hfb-mobile-header-display":"","site-post-title":"","ast-breadcrumbs-content":"","ast-featured-img":"","footer-sml-layout":"","theme-transparent-header-meta":"","adv-header-id-meta":"","stick-header-meta":"","header-above-stick-meta":"","header-main-stick-meta":"","header-below-stick-meta":"","astra-migrate-meta-layouts":"","_joinchat":[]},"product_brand":[],"product_cat":[35],"product_tag":[],"class_list":{"0":"post-5471","1":"product","2":"type-product","3":"status-publish","4":"has-post-thumbnail","6":"product_cat-sillon-ejecutivo","7":"desktop-align-left","8":"tablet-align-left","9":"mobile-align-left","11":"first","12":"instock","13":"shipping-taxable","14":"product-type-simple"},"_links":{"self":[{"href":"https:\/\/dhermez.com\/dhermez2025\/wp-json\/wp\/v2\/product\/5471","targetHints":{"allow":["GET"]}}],"collection":[{"href":"https:\/\/dhermez.com\/dhermez2025\/wp-json\/wp\/v2\/product"}],"about":[{"href":"https:\/\/dhermez.com\/dhermez2025\/wp-json\/wp\/v2\/types\/product"}],"wp:featuredmedia":[{"embeddable":true,"href":"https:\/\/dhermez.com\/dhermez2025\/wp-json\/wp\/v2\/media\/5470"}],"wp:attachment":[{"href":"https:\/\/dhermez.com\/dhermez2025\/wp-json\/wp\/v2\/media?parent=5471"}],"wp:term":[{"taxonomy":"product_brand","embeddable":true,"href":"https:\/\/dhermez.com\/dhermez2025\/wp-json\/wp\/v2\/product_brand?post=5471"},{"taxonomy":"product_cat","embeddable":true,"href":"https:\/\/dhermez.com\/dhermez2025\/wp-json\/wp\/v2\/product_cat?post=5471"},{"taxonomy":"product_tag","embeddable":true,"href":"https:\/\/dhermez.com\/dhermez2025\/wp-json\/wp\/v2\/product_tag?post=5471"}],"curies":[{"name":"wp","href":"https:\/\/api.w.org\/{rel}","templated":true}]}}