{"id":5344,"date":"2022-08-17T16:07:04","date_gmt":"2022-08-17T16:07:04","guid":{"rendered":"https:\/\/dhermez.com\/dhermez2025\/producto\/sillon-gardenia-doble\/"},"modified":"2022-08-17T16:07:04","modified_gmt":"2022-08-17T16:07:04","slug":"sillon-gardenia-doble","status":"publish","type":"product","link":"https:\/\/dhermez.com\/dhermez2025\/producto\/sillon-gardenia-doble\/","title":{"rendered":"Sill\u00f3n Gardenia doble"},"content":{"rendered":"","protected":false},"excerpt":{"rendered":"<p><b>Medidas: frente\u00a0 1.34mts,\u00a0 profundidad\u00a0 69cm,\u00a0 altura\u00a0 de asiento a piso\u00a0 47cm<\/b><\/p>\n<p><b>Colores: mueble blanco, <\/b><b>cappucino<\/b><b>, chocolate, negro<\/b><\/p>\n<p><b>\u00a0Tela coj\u00edn: azul, blanco, naranja y <\/b><b>cappucino<\/b><\/p>\n<p><b>Material: copol\u00edmero de polipropileno\u00a0 de alta resistencia.<\/b><\/p>\n<p><b>Descripci\u00f3n: Sof\u00e1 asiento con dise\u00f1o ergon\u00f3mico, para uso a la intemperie e interior, resistente a los rayos <\/b><b>uv<\/b><b>, resistente al ambiente salino, terminado en imitaci\u00f3n <\/b><b>rattan<\/b><b>. Peso m\u00e1ximo de resistencia 280kgs.<\/b><\/p>\n","protected":false},"featured_media":5343,"template":"","meta":{"site-sidebar-layout":"default","site-content-layout":"","ast-site-content-layout":"","site-content-style":"default","site-sidebar-style":"default","ast-global-header-display":"","ast-banner-title-visibility":"","ast-main-header-display":"","ast-hfb-above-header-display":"","ast-hfb-below-header-display":"","ast-hfb-mobile-header-display":"","site-post-title":"","ast-breadcrumbs-content":"","ast-featured-img":"","footer-sml-layout":"","theme-transparent-header-meta":"","adv-header-id-meta":"","stick-header-meta":"","header-above-stick-meta":"","header-main-stick-meta":"","header-below-stick-meta":"","astra-migrate-meta-layouts":"","_joinchat":[]},"product_brand":[],"product_cat":[32],"product_tag":[],"class_list":{"0":"post-5344","1":"product","2":"type-product","3":"status-publish","4":"has-post-thumbnail","6":"product_cat-jardin","7":"desktop-align-left","8":"tablet-align-left","9":"mobile-align-left","11":"first","12":"instock","13":"shipping-taxable","14":"product-type-simple"},"_links":{"self":[{"href":"https:\/\/dhermez.com\/dhermez2025\/wp-json\/wp\/v2\/product\/5344","targetHints":{"allow":["GET"]}}],"collection":[{"href":"https:\/\/dhermez.com\/dhermez2025\/wp-json\/wp\/v2\/product"}],"about":[{"href":"https:\/\/dhermez.com\/dhermez2025\/wp-json\/wp\/v2\/types\/product"}],"wp:featuredmedia":[{"embeddable":true,"href":"https:\/\/dhermez.com\/dhermez2025\/wp-json\/wp\/v2\/media\/5343"}],"wp:attachment":[{"href":"https:\/\/dhermez.com\/dhermez2025\/wp-json\/wp\/v2\/media?parent=5344"}],"wp:term":[{"taxonomy":"product_brand","embeddable":true,"href":"https:\/\/dhermez.com\/dhermez2025\/wp-json\/wp\/v2\/product_brand?post=5344"},{"taxonomy":"product_cat","embeddable":true,"href":"https:\/\/dhermez.com\/dhermez2025\/wp-json\/wp\/v2\/product_cat?post=5344"},{"taxonomy":"product_tag","embeddable":true,"href":"https:\/\/dhermez.com\/dhermez2025\/wp-json\/wp\/v2\/product_tag?post=5344"}],"curies":[{"name":"wp","href":"https:\/\/api.w.org\/{rel}","templated":true}]}}